{"id":11,"date":"2024-09-22T09:28:28","date_gmt":"2024-09-22T07:28:28","guid":{"rendered":"https:\/\/elektrovich.cz\/?page_id=11"},"modified":"2024-10-29T17:30:08","modified_gmt":"2024-10-29T16:30:08","slug":"domovska-stranka","status":"publish","type":"page","link":"https:\/\/elektrovich.cz\/","title":{"rendered":"Hlavn\u00ed str\u00e1nka"},"content":{"rendered":"\t\t<div data-elementor-type=\"wp-page\" data-elementor-id=\"11\" class=\"elementor elementor-11\">\n\t\t\t\t<div class=\"elementor-element elementor-element-4a4762da e-flex e-con-boxed e-con e-parent\" data-id=\"4a4762da\" data-element_type=\"container\" data-e-type=\"container\">\n\t\t\t\t\t<div class=\"e-con-inner\">\n\t\t\t\t<div class=\"elementor-element elementor-element-173e3e6d elementor-widget elementor-widget-text-editor\" data-id=\"173e3e6d\" data-element_type=\"widget\" data-e-type=\"widget\" data-widget_type=\"text-editor.default\">\n\t\t\t\t<div class=\"elementor-widget-container\">\n\t\t\t\t\t\t\t\t\t<p>Na\u0161e firma vznikla roku 2001. B\u011bhem sv\u00e9 n\u011bkolikalet\u00e9 existence jsme prok\u00e1zali , \u017ee jsme firmou stabiln\u00ed a pln\u011b se rozv\u00edjej\u00edc\u00ed,tud\u00ed\u017e spolehliv\u00fdm partnerem pro na\u0161e, jak st\u00e1vaj\u00edc\u00ed , tak budouc\u00ed z\u00e1kazn\u00edky a partnery.P\u016fsob\u00edme nejen ve v\u00fdchodo\u010desk\u00e9m , st\u0159edo\u010desk\u00e9m , libebereck\u00e9m kraji, ale tak\u00e9 v Praze a jej\u00edm \u0161irok\u00e9m okol\u00ed.Na\u0161\u00edm hlavn\u00edm oborem \u010dinnosti jsou <strong>ELEKTROINSTALACE &#8211; HROMOSVODY<\/strong> a ve\u0161ker\u00e9 pr\u00e1ce s nimi spojen\u00e9. Ke ka\u017ed\u00e9mu z\u00e1kazn\u00edkovi p\u0159istupujeme osobn\u011b. Ve\u0161ker\u00e9 konzultace a cenov\u00e9<strong> kalkulace<\/strong> jsou samoz\u0159ejmost\u00ed a <strong>jsou zcela zdarma<\/strong>!<\/p>\n<h3><em>Na\u0161imi&nbsp; p\u0159ednostmi jsou :<br><\/em><\/h3>\n<ul>\n<li><strong>osobn\u00ed p\u0159\u00edstup k z\u00e1kazn\u00edkovi<\/strong><\/li>\n<li><strong>dodr\u017eov\u00e1n\u00ed dohodnut\u00fdch term\u00edn\u016f<\/strong><\/li>\n<li><strong>spolehlivost v kvalitu pr\u00e1ce<\/strong><\/li>\n<li><strong>flexibilita &#8211; mont\u00e1\u017e dle pot\u0159eb z\u00e1kazn\u00edka<br><\/strong><\/li><\/ul>\t\t\t\t\t\t\t\t<\/div>\n\t\t\t\t<\/div>\n\t\t\t\t\t<\/div>\n\t\t\t\t<\/div>\n\t\t\t\t<\/div>\n\t\t","protected":false},"excerpt":{"rendered":"<p>Na\u0161e firma vznikla roku 2001. B\u011bhem sv\u00e9 n\u011bkolikalet\u00e9 existence jsme prok\u00e1zali , \u017ee jsme firmou stabiln\u00ed a pln\u011b se rozv\u00edjej\u00edc\u00ed,tud\u00ed\u017e spolehliv\u00fdm partnerem pro na\u0161e, jak st\u00e1vaj\u00edc\u00ed , tak budouc\u00ed z\u00e1kazn\u00edky a partnery.P\u016fsob\u00edme nejen ve v\u00fdchodo\u010desk\u00e9m , st\u0159edo\u010desk\u00e9m , libebereck\u00e9m kraji, ale tak\u00e9 v Praze a jej\u00edm \u0161irok\u00e9m okol\u00ed.Na\u0161\u00edm hlavn\u00edm oborem \u010dinnosti jsou ELEKTROINSTALACE &#8211; HROMOSVODY [&hellip;]<\/p>\n","protected":false},"author":2,"featured_media":0,"parent":0,"menu_order":0,"comment_status":"closed","ping_status":"closed","template":"page-template\/custom-home-page.php","meta":{"footnotes":""},"class_list":["post-11","page","type-page","status-publish","hentry"],"yoast_head":"<!-- This site is optimized with the Yoast SEO plugin v27.4 - https:\/\/yoast.com\/product\/yoast-seo-wordpress\/ -->\n<title>Hlavn\u00ed str\u00e1nka - Elektroinstalace - Hromosvody<\/title>\n<meta name=\"robots\" content=\"index, follow, max-snippet:-1, max-image-preview:large, max-video-preview:-1\" \/>\n<link rel=\"canonical\" href=\"https:\/\/elektrovich.cz\/\" \/>\n<meta property=\"og:locale\" content=\"cs_CZ\" \/>\n<meta property=\"og:type\" content=\"article\" \/>\n<meta property=\"og:title\" content=\"Hlavn\u00ed str\u00e1nka - Elektroinstalace - Hromosvody\" \/>\n<meta property=\"og:description\" content=\"Na\u0161e firma vznikla roku 2001. B\u011bhem sv\u00e9 n\u011bkolikalet\u00e9 existence jsme prok\u00e1zali , \u017ee jsme firmou stabiln\u00ed a pln\u011b se rozv\u00edjej\u00edc\u00ed,tud\u00ed\u017e spolehliv\u00fdm partnerem pro na\u0161e, jak st\u00e1vaj\u00edc\u00ed , tak budouc\u00ed z\u00e1kazn\u00edky a partnery.P\u016fsob\u00edme nejen ve v\u00fdchodo\u010desk\u00e9m , st\u0159edo\u010desk\u00e9m , libebereck\u00e9m kraji, ale tak\u00e9 v Praze a jej\u00edm \u0161irok\u00e9m okol\u00ed.Na\u0161\u00edm hlavn\u00edm oborem \u010dinnosti jsou ELEKTROINSTALACE &#8211; HROMOSVODY [&hellip;]\" \/>\n<meta property=\"og:url\" content=\"https:\/\/elektrovich.cz\/\" \/>\n<meta property=\"og:site_name\" content=\"Elektroinstalace - Hromosvody\" \/>\n<meta property=\"article:modified_time\" content=\"2024-10-29T16:30:08+00:00\" \/>\n<meta name=\"twitter:card\" content=\"summary_large_image\" \/>\n<meta name=\"twitter:label1\" content=\"Odhadovan\u00e1 doba \u010dten\u00ed\" \/>\n\t<meta name=\"twitter:data1\" content=\"1 minuta\" \/>\n<script type=\"application\/ld+json\" class=\"yoast-schema-graph\">{\"@context\":\"https:\\\/\\\/schema.org\",\"@graph\":[{\"@type\":\"WebPage\",\"@id\":\"https:\\\/\\\/elektrovich.cz\\\/\",\"url\":\"https:\\\/\\\/elektrovich.cz\\\/\",\"name\":\"Hlavn\u00ed str\u00e1nka - Elektroinstalace - Hromosvody\",\"isPartOf\":{\"@id\":\"https:\\\/\\\/elektrovich.cz\\\/#website\"},\"datePublished\":\"2024-09-22T07:28:28+00:00\",\"dateModified\":\"2024-10-29T16:30:08+00:00\",\"breadcrumb\":{\"@id\":\"https:\\\/\\\/elektrovich.cz\\\/#breadcrumb\"},\"inLanguage\":\"cs\",\"potentialAction\":[{\"@type\":\"ReadAction\",\"target\":[\"https:\\\/\\\/elektrovich.cz\\\/\"]}]},{\"@type\":\"BreadcrumbList\",\"@id\":\"https:\\\/\\\/elektrovich.cz\\\/#breadcrumb\",\"itemListElement\":[{\"@type\":\"ListItem\",\"position\":1,\"name\":\"Dom\u016f\",\"item\":\"https:\\\/\\\/elektrovich.cz\\\/\"},{\"@type\":\"ListItem\",\"position\":2,\"name\":\"Hlavn\u00ed str\u00e1nka\"}]},{\"@type\":\"WebSite\",\"@id\":\"https:\\\/\\\/elektrovich.cz\\\/#website\",\"url\":\"https:\\\/\\\/elektrovich.cz\\\/\",\"name\":\"Elektroinstalace - Hromosvody - Dorozum\u00edvac\u00ed za\u0159\u00edzen\u00ed DT\",\"description\":\"Elektroinstalace - Hromosvody\",\"publisher\":{\"@id\":\"https:\\\/\\\/elektrovich.cz\\\/#organization\"},\"potentialAction\":[{\"@type\":\"SearchAction\",\"target\":{\"@type\":\"EntryPoint\",\"urlTemplate\":\"https:\\\/\\\/elektrovich.cz\\\/?s={search_term_string}\"},\"query-input\":{\"@type\":\"PropertyValueSpecification\",\"valueRequired\":true,\"valueName\":\"search_term_string\"}}],\"inLanguage\":\"cs\"},{\"@type\":\"Organization\",\"@id\":\"https:\\\/\\\/elektrovich.cz\\\/#organization\",\"name\":\"Roman V\u00edch\",\"url\":\"https:\\\/\\\/elektrovich.cz\\\/\",\"logo\":{\"@type\":\"ImageObject\",\"inLanguage\":\"cs\",\"@id\":\"https:\\\/\\\/elektrovich.cz\\\/#\\\/schema\\\/logo\\\/image\\\/\",\"url\":\"https:\\\/\\\/elektrovich.cz\\\/wp-content\\\/uploads\\\/2024\\\/09\\\/cropped-Roman-Nove-logo.png\",\"contentUrl\":\"https:\\\/\\\/elektrovich.cz\\\/wp-content\\\/uploads\\\/2024\\\/09\\\/cropped-Roman-Nove-logo.png\",\"width\":250,\"height\":250,\"caption\":\"Roman V\u00edch\"},\"image\":{\"@id\":\"https:\\\/\\\/elektrovich.cz\\\/#\\\/schema\\\/logo\\\/image\\\/\"}}]}<\/script>\n<!-- \/ Yoast SEO plugin. -->","yoast_head_json":{"title":"Hlavn\u00ed str\u00e1nka - Elektroinstalace - Hromosvody","robots":{"index":"index","follow":"follow","max-snippet":"max-snippet:-1","max-image-preview":"max-image-preview:large","max-video-preview":"max-video-preview:-1"},"canonical":"https:\/\/elektrovich.cz\/","og_locale":"cs_CZ","og_type":"article","og_title":"Hlavn\u00ed str\u00e1nka - Elektroinstalace - Hromosvody","og_description":"Na\u0161e firma vznikla roku 2001. B\u011bhem sv\u00e9 n\u011bkolikalet\u00e9 existence jsme prok\u00e1zali , \u017ee jsme firmou stabiln\u00ed a pln\u011b se rozv\u00edjej\u00edc\u00ed,tud\u00ed\u017e spolehliv\u00fdm partnerem pro na\u0161e, jak st\u00e1vaj\u00edc\u00ed , tak budouc\u00ed z\u00e1kazn\u00edky a partnery.P\u016fsob\u00edme nejen ve v\u00fdchodo\u010desk\u00e9m , st\u0159edo\u010desk\u00e9m , libebereck\u00e9m kraji, ale tak\u00e9 v Praze a jej\u00edm \u0161irok\u00e9m okol\u00ed.Na\u0161\u00edm hlavn\u00edm oborem \u010dinnosti jsou ELEKTROINSTALACE &#8211; HROMOSVODY [&hellip;]","og_url":"https:\/\/elektrovich.cz\/","og_site_name":"Elektroinstalace - Hromosvody","article_modified_time":"2024-10-29T16:30:08+00:00","twitter_card":"summary_large_image","twitter_misc":{"Odhadovan\u00e1 doba \u010dten\u00ed":"1 minuta"},"schema":{"@context":"https:\/\/schema.org","@graph":[{"@type":"WebPage","@id":"https:\/\/elektrovich.cz\/","url":"https:\/\/elektrovich.cz\/","name":"Hlavn\u00ed str\u00e1nka - Elektroinstalace - Hromosvody","isPartOf":{"@id":"https:\/\/elektrovich.cz\/#website"},"datePublished":"2024-09-22T07:28:28+00:00","dateModified":"2024-10-29T16:30:08+00:00","breadcrumb":{"@id":"https:\/\/elektrovich.cz\/#breadcrumb"},"inLanguage":"cs","potentialAction":[{"@type":"ReadAction","target":["https:\/\/elektrovich.cz\/"]}]},{"@type":"BreadcrumbList","@id":"https:\/\/elektrovich.cz\/#breadcrumb","itemListElement":[{"@type":"ListItem","position":1,"name":"Dom\u016f","item":"https:\/\/elektrovich.cz\/"},{"@type":"ListItem","position":2,"name":"Hlavn\u00ed str\u00e1nka"}]},{"@type":"WebSite","@id":"https:\/\/elektrovich.cz\/#website","url":"https:\/\/elektrovich.cz\/","name":"Elektroinstalace - Hromosvody - Dorozum\u00edvac\u00ed za\u0159\u00edzen\u00ed DT","description":"Elektroinstalace - Hromosvody","publisher":{"@id":"https:\/\/elektrovich.cz\/#organization"},"potentialAction":[{"@type":"SearchAction","target":{"@type":"EntryPoint","urlTemplate":"https:\/\/elektrovich.cz\/?s={search_term_string}"},"query-input":{"@type":"PropertyValueSpecification","valueRequired":true,"valueName":"search_term_string"}}],"inLanguage":"cs"},{"@type":"Organization","@id":"https:\/\/elektrovich.cz\/#organization","name":"Roman V\u00edch","url":"https:\/\/elektrovich.cz\/","logo":{"@type":"ImageObject","inLanguage":"cs","@id":"https:\/\/elektrovich.cz\/#\/schema\/logo\/image\/","url":"https:\/\/elektrovich.cz\/wp-content\/uploads\/2024\/09\/cropped-Roman-Nove-logo.png","contentUrl":"https:\/\/elektrovich.cz\/wp-content\/uploads\/2024\/09\/cropped-Roman-Nove-logo.png","width":250,"height":250,"caption":"Roman V\u00edch"},"image":{"@id":"https:\/\/elektrovich.cz\/#\/schema\/logo\/image\/"}}]}},"_links":{"self":[{"href":"https:\/\/elektrovich.cz\/index.php?rest_route=\/wp\/v2\/pages\/11","targetHints":{"allow":["GET"]}}],"collection":[{"href":"https:\/\/elektrovich.cz\/index.php?rest_route=\/wp\/v2\/pages"}],"about":[{"href":"https:\/\/elektrovich.cz\/index.php?rest_route=\/wp\/v2\/types\/page"}],"author":[{"embeddable":true,"href":"https:\/\/elektrovich.cz\/index.php?rest_route=\/wp\/v2\/users\/2"}],"replies":[{"embeddable":true,"href":"https:\/\/elektrovich.cz\/index.php?rest_route=%2Fwp%2Fv2%2Fcomments&post=11"}],"version-history":[{"count":11,"href":"https:\/\/elektrovich.cz\/index.php?rest_route=\/wp\/v2\/pages\/11\/revisions"}],"predecessor-version":[{"id":204,"href":"https:\/\/elektrovich.cz\/index.php?rest_route=\/wp\/v2\/pages\/11\/revisions\/204"}],"wp:attachment":[{"href":"https:\/\/elektrovich.cz\/index.php?rest_route=%2Fwp%2Fv2%2Fmedia&parent=11"}],"curies":[{"name":"wp","href":"https:\/\/api.w.org\/{rel}","templated":true}]}}